{"id":208,"date":"2013-03-07T10:39:51","date_gmt":"2013-03-07T08:39:51","guid":{"rendered":"http:\/\/3clicks.bringthepixel.com\/?page_id=208"},"modified":"2022-02-25T13:56:48","modified_gmt":"2022-02-25T11:56:48","slug":"home-5","status":"publish","type":"page","link":"https:\/\/www.comarcasierrasurdejaen.es\/astronomia\/","title":{"rendered":"Inicio"},"content":{"rendered":"<div id=\"attachment_2146\" style=\"width: 380px\" class=\"wp-caption alignleft\"><img loading=\"lazy\" decoding=\"async\" aria-describedby=\"caption-attachment-2146\" class=\"wp-image-2146\" src=\"https:\/\/www.comarcasierrasurdejaen.es\/astronomia\/wp-content\/uploads\/2013\/03\/MapaSierraSurJaen-LimitesMunicipios-869x1024.jpg\" alt=\"MapaSierraSurJaen-LimitesMunicipios\" width=\"370\" height=\"436\" srcset=\"https:\/\/www.comarcasierrasurdejaen.es\/astronomia\/wp-content\/uploads\/2013\/03\/MapaSierraSurJaen-LimitesMunicipios-869x1024.jpg 869w, https:\/\/www.comarcasierrasurdejaen.es\/astronomia\/wp-content\/uploads\/2013\/03\/MapaSierraSurJaen-LimitesMunicipios-254x300.jpg 254w, https:\/\/www.comarcasierrasurdejaen.es\/astronomia\/wp-content\/uploads\/2013\/03\/MapaSierraSurJaen-LimitesMunicipios-968x1140.jpg 968w, https:\/\/www.comarcasierrasurdejaen.es\/astronomia\/wp-content\/uploads\/2013\/03\/MapaSierraSurJaen-LimitesMunicipios-636x749.jpg 636w, https:\/\/www.comarcasierrasurdejaen.es\/astronomia\/wp-content\/uploads\/2013\/03\/MapaSierraSurJaen-LimitesMunicipios-320x376.jpg 320w, https:\/\/www.comarcasierrasurdejaen.es\/astronomia\/wp-content\/uploads\/2013\/03\/MapaSierraSurJaen-LimitesMunicipios-239x281.jpg 239w, https:\/\/www.comarcasierrasurdejaen.es\/astronomia\/wp-content\/uploads\/2013\/03\/MapaSierraSurJaen-LimitesMunicipios.jpg 1011w\" sizes=\"auto, (max-width: 370px) 100vw, 370px\" \/><p id=\"caption-attachment-2146\" class=\"wp-caption-text\">Mapa Sierra Sur de Jaen<\/p><\/div>\n<h2 style=\"text-align: justify;\"><strong>Astronom\u00eda en Sierra Sur de Ja\u00e9n<\/strong><\/h2>\n<p style=\"text-align: justify;\">La pr\u00e1ctica de la astronom\u00eda precisa de la existencia de un cielo limpio y oscuro desde el cual poder observar. Aunque parece una cosa f\u00e1cil y evidente, la realidad es que hoy d\u00eda encontrar un sitio as\u00ed supone todo un quebradero de cabeza para los astr\u00f3nomos aficionados y para los astrofot\u00f3grafos.<\/p>\n<p style=\"text-align: justify;\">En la Sierra Sur de Ja\u00e9n te espera un cielo limpio y estrellado. Esta comarca situada al suroeste de la povincia de Ja\u00e9n, Andaluc\u00eda, que abarca el territorio de 10 municipios y 1.400 Km2, acaba de ser declarada como <strong>Reserva y Destino Tur\u00edstico Starlight<\/strong>, un galard\u00f3n que solo se otorga a aquellas zonas que conservar un cielo libre de contaminaci\u00f3n lum\u00ednica desde donde observar el firmamento en las mejores condiciones.<\/p>\n<p><em>El cosmos es todo lo que es, todo lo que fue y todo lo que ser\u00e1. Nuestras m\u00e1s ligeras contemplaciones del cosmos nos hacen estremecer, sentimos un cosquilleo que nos llena los nervios, una voz muda, una ligera sensaci\u00f3n como de un recuerdo lejano o como si cay\u00e9ramos desde gran altura. Sabemos que nos aproximamos al m\u00e1s grande de los misterios\u201c<\/em><\/p>\n<p><em>Carl Sagan (1934 \u2013 1996)<\/em><\/p>\n<p><strong>\u00a1Navega por nuestra web y descubre c\u00f3mo a<\/strong><strong>cercarte al cielo de la Sierra Sur!<\/strong><\/p>\n<h2>Noticias<\/h2>\n<div id=\"g1-custom-posts-shortcode-1\" class=\"g1-custom-posts-shortcode g1-shortcode \">\n\n<!-- BEGIN: .g1-collection -->\n<div class=\"g1-collection g1-collection--grid g1-collection--one-half g1-collection--gallery g1-effect-none\">\n    <ul><!-- --><li class=\"g1-collection__item\">\n        <article itemscope itemtype=\"http:\/\/schema.org\/BlogPosting\" id=\"post-2314\" class=\"post-2314 post type-post status-publish format-standard has-post-thumbnail category-actividades category-prensa category-noticias g1-brief\">\n    <figure class=\"entry-featured-media\">\n<a href=\"https:\/\/www.comarcasierrasurdejaen.es\/astronomia\/50-anos-de-la-llegada-del-hombre-a-la-luna\/\" id=\"g1-frame-1\" class=\"g1-frame g1-frame--none g1-frame--inherit g1-frame--center \"><span class=\"g1-decorator\">\n\t\t\t\t<img loading=\"lazy\" decoding=\"async\" width=\"482\" height=\"271\" src=\"https:\/\/www.comarcasierrasurdejaen.es\/astronomia\/wp-content\/uploads\/2019\/04\/astroalcala50aniversario-482x271.jpg\" class=\"attachment-g1_one_half size-g1_one_half wp-post-image\" alt=\"\" srcset=\"https:\/\/www.comarcasierrasurdejaen.es\/astronomia\/wp-content\/uploads\/2019\/04\/astroalcala50aniversario-482x271.jpg 482w, https:\/\/www.comarcasierrasurdejaen.es\/astronomia\/wp-content\/uploads\/2019\/04\/astroalcala50aniversario-320x180.jpg 320w, https:\/\/www.comarcasierrasurdejaen.es\/astronomia\/wp-content\/uploads\/2019\/04\/astroalcala50aniversario-239x134.jpg 239w\" sizes=\"auto, (max-width: 482px) 100vw, 482px\" \/>\n\t\t\t\t<span class=\"g1-indicator g1-indicator-document\"><\/span>\n<\/span><\/a>\n<\/figure>\n    <div class=\"g1-nonmedia\">\n        <div class=\"g1-inner\">\n            <header class=\"entry-header\">\n                <h3><a href=\"https:\/\/www.comarcasierrasurdejaen.es\/astronomia\/50-anos-de-la-llegada-del-hombre-a-la-luna\/\" title=\"50 A\u00d1OS DE LA LLEGADA DEL HOMBRE A LA LUNA\" >50 A\u00d1OS DE LA LLEGADA DEL HOMBRE A LA LUNA<\/a><\/h3>                                <p class=\"entry-meta g1-meta\">\n                    <time itemprop=\"datePublished\" datetime=\"2019-04-11T08:30:52\" class=\"entry-date\">11 abril 2019<\/time>                        <span class=\"entry-author\">by <a href=\"https:\/\/www.comarcasierrasurdejaen.es\/astronomia\/author\/paco\/\" title=\"Entradas de Webmaster\" rel=\"author\">Webmaster<\/a><\/span>\n                            <span class=\"entry-comments-link\">\n    \t<a href=\"https:\/\/www.comarcasierrasurdejaen.es\/astronomia\/50-anos-de-la-llegada-del-hombre-a-la-luna\/#respond\">0 <span>Comments<\/span><\/a>    <\/span>\n                    <\/p>\n                            <\/header><!-- .entry-header -->\n\n            <div class=\"entry-summary\"><p>Este a\u00f1o 2019, se cumplen 50 a\u00f1os de la llegada del hombre a la luna,&nbsp;y la SEDA organiza una serie de observaciones dedicadas en exclusiva&nbsp;a nuestro sat\u00e9lite para conmemorar el evento. Pr\u00f3xima sesion 13 de Abril, S\u00e1bado de 21:30 a 22:30 horas \u00abVisita con nosotros la Luna y los lugares de alunizaje de las misiones [&hellip;]<\/p>\n<\/div>\n            <footer class=\"entry-footer\">\n                                <div class=\"g1-meta entry-terms\">\n                    <div class=\"entry-categories\"><div><span>Posted in:<\/span><ul><li><a href=\"https:\/\/www.comarcasierrasurdejaen.es\/astronomia\/category\/actividades\/\" rel=\"tag\">Actividades<\/a><\/li><li><a href=\"https:\/\/www.comarcasierrasurdejaen.es\/astronomia\/category\/prensa\/\" rel=\"tag\">Notas de Prensa<\/a><\/li><li><a href=\"https:\/\/www.comarcasierrasurdejaen.es\/astronomia\/category\/noticias\/\" rel=\"tag\">Noticias<\/a><\/li><\/ul><\/div><\/div>                                    <\/div>\n                \n                                    <div>\n                        <a id=\"g1-button-1\" class=\"g1-button g1-button--small g1-button--solid g1-button--standard \" href=\"https:\/\/www.comarcasierrasurdejaen.es\/astronomia\/50-anos-de-la-llegada-del-hombre-a-la-luna\/\" >More<\/a>                    <\/div>\n                            <\/footer><!-- .entry-footer -->\n        <\/div>\n        <div class=\"g1-01\"><\/div>\n    <\/div>\n\n<\/article><!-- .post-XX -->    <\/li><!-- --><li class=\"g1-collection__item\">\n        <article itemscope itemtype=\"http:\/\/schema.org\/BlogPosting\" id=\"post-2310\" class=\"post-2310 post type-post status-publish format-standard has-post-thumbnail category-sincategoria g1-brief\">\n    <figure class=\"entry-featured-media\">\n<a href=\"https:\/\/www.comarcasierrasurdejaen.es\/astronomia\/jornadas-de-astronomia-astroalcala-2017-en-alcala-la-real\/\" id=\"g1-frame-2\" class=\"g1-frame g1-frame--none g1-frame--inherit g1-frame--center \"><span class=\"g1-decorator\">\n\t\t\t\t<img loading=\"lazy\" decoding=\"async\" width=\"482\" height=\"271\" src=\"https:\/\/www.comarcasierrasurdejaen.es\/astronomia\/wp-content\/uploads\/2017\/11\/PROGRAMACION-web-482x271.jpg\" class=\"attachment-g1_one_half size-g1_one_half wp-post-image\" alt=\"\" srcset=\"https:\/\/www.comarcasierrasurdejaen.es\/astronomia\/wp-content\/uploads\/2017\/11\/PROGRAMACION-web-482x271.jpg 482w, https:\/\/www.comarcasierrasurdejaen.es\/astronomia\/wp-content\/uploads\/2017\/11\/PROGRAMACION-web-320x180.jpg 320w, https:\/\/www.comarcasierrasurdejaen.es\/astronomia\/wp-content\/uploads\/2017\/11\/PROGRAMACION-web-239x134.jpg 239w\" sizes=\"auto, (max-width: 482px) 100vw, 482px\" \/>\n\t\t\t\t<span class=\"g1-indicator g1-indicator-document\"><\/span>\n<\/span><\/a>\n<\/figure>\n    <div class=\"g1-nonmedia\">\n        <div class=\"g1-inner\">\n            <header class=\"entry-header\">\n                <h3><a href=\"https:\/\/www.comarcasierrasurdejaen.es\/astronomia\/jornadas-de-astronomia-astroalcala-2017-en-alcala-la-real\/\" title=\"Jornadas de Astronom\u00eda AstroAlcal\u00e1 2017 en Alcal\u00e1 la Real\" >Jornadas de Astronom\u00eda AstroAlcal\u00e1 2017 en Alcal\u00e1 la Real<\/a><\/h3>                                <p class=\"entry-meta g1-meta\">\n                    <time itemprop=\"datePublished\" datetime=\"2017-11-02T14:43:24\" class=\"entry-date\">2 noviembre 2017<\/time>                        <span class=\"entry-author\">by <a href=\"https:\/\/www.comarcasierrasurdejaen.es\/astronomia\/author\/paco\/\" title=\"Entradas de Webmaster\" rel=\"author\">Webmaster<\/a><\/span>\n                            <span class=\"entry-comments-link\">\n    \t<a href=\"https:\/\/www.comarcasierrasurdejaen.es\/astronomia\/jornadas-de-astronomia-astroalcala-2017-en-alcala-la-real\/#respond\">0 <span>Comments<\/span><\/a>    <\/span>\n                    <\/p>\n                            <\/header><!-- .entry-header -->\n\n            <div class=\"entry-summary\"><p>Estas Jornadas est\u00e1n organizadas por la Sociedad Einstein de Astronom\u00eda (SEDA), en la&nbsp;&nbsp;VII edici\u00f3n de AstroAlcal\u00e1&nbsp; y va a estar dedicada monogr\u00e1ficamente a la Astrofotograf\u00eda y a algunas de sus diferentes t\u00e9cnicas de retoque de im\u00e1genes y procesado: con un nuevo formato que esperamos sea del agrado de todas y todos los participantes, m\u00e1s amigable, [&hellip;]<\/p>\n<\/div>\n            <footer class=\"entry-footer\">\n                                <div class=\"g1-meta entry-terms\">\n                    <div class=\"entry-categories\"><div><span>Posted in:<\/span><ul><li><a href=\"https:\/\/www.comarcasierrasurdejaen.es\/astronomia\/category\/sincategoria\/\" rel=\"tag\">Sin categor\u00eda<\/a><\/li><\/ul><\/div><\/div>                                    <\/div>\n                \n                                    <div>\n                        <a id=\"g1-button-2\" class=\"g1-button g1-button--small g1-button--solid g1-button--standard \" href=\"https:\/\/www.comarcasierrasurdejaen.es\/astronomia\/jornadas-de-astronomia-astroalcala-2017-en-alcala-la-real\/\" >More<\/a>                    <\/div>\n                            <\/footer><!-- .entry-footer -->\n        <\/div>\n        <div class=\"g1-01\"><\/div>\n    <\/div>\n\n<\/article><!-- .post-XX -->    <\/li><!-- --><li class=\"g1-collection__item\">\n        <article itemscope itemtype=\"http:\/\/schema.org\/BlogPosting\" id=\"post-2304\" class=\"post-2304 post type-post status-publish format-standard has-post-thumbnail category-sincategoria g1-brief\">\n    <figure class=\"entry-featured-media\">\n<a href=\"https:\/\/www.comarcasierrasurdejaen.es\/astronomia\/lluvia-de-estrellas-perseidas-2017\/\" id=\"g1-frame-3\" class=\"g1-frame g1-frame--none g1-frame--inherit g1-frame--center \"><span class=\"g1-decorator\">\n\t\t\t\t<img loading=\"lazy\" decoding=\"async\" width=\"482\" height=\"271\" src=\"https:\/\/www.comarcasierrasurdejaen.es\/astronomia\/wp-content\/uploads\/2017\/08\/2017-perseidas-482x271.jpg\" class=\"attachment-g1_one_half size-g1_one_half wp-post-image\" alt=\"\" srcset=\"https:\/\/www.comarcasierrasurdejaen.es\/astronomia\/wp-content\/uploads\/2017\/08\/2017-perseidas-482x271.jpg 482w, https:\/\/www.comarcasierrasurdejaen.es\/astronomia\/wp-content\/uploads\/2017\/08\/2017-perseidas-320x180.jpg 320w, https:\/\/www.comarcasierrasurdejaen.es\/astronomia\/wp-content\/uploads\/2017\/08\/2017-perseidas-239x134.jpg 239w\" sizes=\"auto, (max-width: 482px) 100vw, 482px\" \/>\n\t\t\t\t<span class=\"g1-indicator g1-indicator-document\"><\/span>\n<\/span><\/a>\n<\/figure>\n    <div class=\"g1-nonmedia\">\n        <div class=\"g1-inner\">\n            <header class=\"entry-header\">\n                <h3><a href=\"https:\/\/www.comarcasierrasurdejaen.es\/astronomia\/lluvia-de-estrellas-perseidas-2017\/\" title=\"LLUVIA DE ESTRELLAS PERSEIDAS 2017\" >LLUVIA DE ESTRELLAS PERSEIDAS 2017<\/a><\/h3>                                <p class=\"entry-meta g1-meta\">\n                    <time itemprop=\"datePublished\" datetime=\"2017-08-10T08:25:51\" class=\"entry-date\">10 agosto 2017<\/time>                        <span class=\"entry-author\">by <a href=\"https:\/\/www.comarcasierrasurdejaen.es\/astronomia\/author\/paco\/\" title=\"Entradas de Webmaster\" rel=\"author\">Webmaster<\/a><\/span>\n                            <span class=\"entry-comments-link\">\n    \t<a href=\"https:\/\/www.comarcasierrasurdejaen.es\/astronomia\/lluvia-de-estrellas-perseidas-2017\/#respond\">0 <span>Comments<\/span><\/a>    <\/span>\n                    <\/p>\n                            <\/header><!-- .entry-header -->\n\n            <div class=\"entry-summary\"><p>La Sociedad Einstein de Astronomia (SEDA) organiza el d\u00eda 12 de Agosto de 2017 una actividad gratuita en el Observatorio Andaluz de Astronomia, situado en la aldea de \u00a0LA PEDRIZA de Alcal\u00e1 la Real, para poder ver las conocidas PERSEIDAS (tambi\u00e9n conocidas por las \u00abLagrimas de San Lorenzo) una lluvia de meteoros de gran actividad [&hellip;]<\/p>\n<\/div>\n            <footer class=\"entry-footer\">\n                                <div class=\"g1-meta entry-terms\">\n                    <div class=\"entry-categories\"><div><span>Posted in:<\/span><ul><li><a href=\"https:\/\/www.comarcasierrasurdejaen.es\/astronomia\/category\/sincategoria\/\" rel=\"tag\">Sin categor\u00eda<\/a><\/li><\/ul><\/div><\/div>                                    <\/div>\n                \n                                    <div>\n                        <a id=\"g1-button-3\" class=\"g1-button g1-button--small g1-button--solid g1-button--standard \" href=\"https:\/\/www.comarcasierrasurdejaen.es\/astronomia\/lluvia-de-estrellas-perseidas-2017\/\" >More<\/a>                    <\/div>\n                            <\/footer><!-- .entry-footer -->\n        <\/div>\n        <div class=\"g1-01\"><\/div>\n    <\/div>\n\n<\/article><!-- .post-XX -->    <\/li><!-- --><li class=\"g1-collection__item\">\n        <article itemscope itemtype=\"http:\/\/schema.org\/BlogPosting\" id=\"post-2285\" class=\"post-2285 post type-post status-publish format-standard has-post-thumbnail category-actividades g1-brief\">\n    <figure class=\"entry-featured-media\">\n<a href=\"https:\/\/www.comarcasierrasurdejaen.es\/astronomia\/seda-observacion-sanmarcos\/\" id=\"g1-frame-4\" class=\"g1-frame g1-frame--none g1-frame--inherit g1-frame--center \"><span class=\"g1-decorator\">\n\t\t\t\t<img loading=\"lazy\" decoding=\"async\" width=\"482\" height=\"271\" src=\"https:\/\/www.comarcasierrasurdejaen.es\/astronomia\/wp-content\/uploads\/2017\/07\/SAN-MARCOS-482x271.jpg\" class=\"attachment-g1_one_half size-g1_one_half wp-post-image\" alt=\"\" srcset=\"https:\/\/www.comarcasierrasurdejaen.es\/astronomia\/wp-content\/uploads\/2017\/07\/SAN-MARCOS-482x271.jpg 482w, https:\/\/www.comarcasierrasurdejaen.es\/astronomia\/wp-content\/uploads\/2017\/07\/SAN-MARCOS-320x180.jpg 320w, https:\/\/www.comarcasierrasurdejaen.es\/astronomia\/wp-content\/uploads\/2017\/07\/SAN-MARCOS-239x134.jpg 239w\" sizes=\"auto, (max-width: 482px) 100vw, 482px\" \/>\n\t\t\t\t<span class=\"g1-indicator g1-indicator-document\"><\/span>\n<\/span><\/a>\n<\/figure>\n    <div class=\"g1-nonmedia\">\n        <div class=\"g1-inner\">\n            <header class=\"entry-header\">\n                <h3><a href=\"https:\/\/www.comarcasierrasurdejaen.es\/astronomia\/seda-observacion-sanmarcos\/\" title=\"OBSERVACI\u00d3N ASTRON\u00d3MICA. Actividad Gratuita.\" >OBSERVACI\u00d3N ASTRON\u00d3MICA. Actividad Gratuita.<\/a><\/h3>                                <p class=\"entry-meta g1-meta\">\n                    <time itemprop=\"datePublished\" datetime=\"2017-07-27T08:25:28\" class=\"entry-date\">27 julio 2017<\/time>                        <span class=\"entry-author\">by <a href=\"https:\/\/www.comarcasierrasurdejaen.es\/astronomia\/author\/paco\/\" title=\"Entradas de Webmaster\" rel=\"author\">Webmaster<\/a><\/span>\n                            <span class=\"entry-comments-link\">\n    \t<a href=\"https:\/\/www.comarcasierrasurdejaen.es\/astronomia\/seda-observacion-sanmarcos\/#respond\">0 <span>Comments<\/span><\/a>    <\/span>\n                    <\/p>\n                            <\/header><!-- .entry-header -->\n\n            <div class=\"entry-summary\"><p>El pr\u00f3ximo s\u00e1bado 29 de julio, en el Mirador de San Marcos y en horario desde las&nbsp;22:00 hasta las 1:00 horas, vamos a disfrutar de una velada astron\u00f3mica, donde podremos observar con diversos y potentes telescopios, la Luna, los planetas Mercurio, J\u00fapiter y Saturno y otros objetos t\u00edpicos del verano, como son la Nebulosa Anular [&hellip;]<\/p>\n<\/div>\n            <footer class=\"entry-footer\">\n                                <div class=\"g1-meta entry-terms\">\n                    <div class=\"entry-categories\"><div><span>Posted in:<\/span><ul><li><a href=\"https:\/\/www.comarcasierrasurdejaen.es\/astronomia\/category\/actividades\/\" rel=\"tag\">Actividades<\/a><\/li><\/ul><\/div><\/div>                                    <\/div>\n                \n                                    <div>\n                        <a id=\"g1-button-4\" class=\"g1-button g1-button--small g1-button--solid g1-button--standard \" href=\"https:\/\/www.comarcasierrasurdejaen.es\/astronomia\/seda-observacion-sanmarcos\/\" >More<\/a>                    <\/div>\n                            <\/footer><!-- .entry-footer -->\n        <\/div>\n        <div class=\"g1-01\"><\/div>\n    <\/div>\n\n<\/article><!-- .post-XX -->    <\/li><!-- --><\/ul>\n<\/div>\n<!-- END: .g1-collection -->\n\n<\/div>\n<div id=\"g1-divider-1\" class=\"g1-divider g1-divider--none g1-divider--noicon \"><\/div>\n<h2>Mapa de Recursos Tur\u00edsticos<\/h2>\n<div style=\"height: 850px;\" class=\"g1gmap \"><div class=\"g1gmap-marker-config\"  data-g1gmap-marker-config='{\"id\":8}'><\/div><div class=\"g1gmap-marker-config\"  data-g1gmap-marker-config='{\"id\":2111}'><\/div><div class=\"g1gmap-marker-config\"  data-g1gmap-marker-config='{\"id\":2112}'><\/div><div class=\"g1gmap-marker-config\"  data-g1gmap-marker-config='{\"id\":2113}'><\/div><div class=\"g1gmap-marker-config\"  data-g1gmap-marker-config='{\"id\":2114}'><\/div><div class=\"g1gmap-marker-config\"  data-g1gmap-marker-config='{\"id\":2115}'><\/div><div class=\"g1gmap-marker-config\"  data-g1gmap-marker-config='{\"id\":2116}'><\/div><div class=\"g1gmap-marker-config\"  data-g1gmap-marker-config='{\"id\":2117}'><\/div><div class=\"g1gmap-marker-config\"  data-g1gmap-marker-config='{\"id\":2118}'><\/div><div class=\"g1gmap-marker-config\"  data-g1gmap-marker-config='{\"id\":2119}'><\/div><div class=\"g1gmap-marker-config\"  data-g1gmap-marker-config='{\"id\":2120}'><\/div><div class=\"g1gmap-main\" style=\"width: 100%; height: 850px;\"><div style=\"width: 100%; height: 100%;\" id=\"g1gmap-1-7\" class=\"g1gmap-inner\"  data-g1gmap-config='{\"width\":\"1000\",\"height\":\"850\",\"full_width\":\"\",\"lat\":\"37.61228801802272\",\"long\":\"-3.9318301205291894\",\"zoom\":\"11\",\"custom_colors\":\"standard\",\"color_hue\":\"253\",\"color_saturation\":\"-4\",\"color_lightness\":\"-11\",\"color_gamma\":\"1.18\",\"invert_lightness\":\"\",\"type\":\"roadmap\",\"type_control\":\"horizontal\",\"pan_control\":\"standard\",\"scale_control\":\"standard\",\"zoom_control\":\"small\",\"street_view_control\":\"standard\",\"overview_control\":\"none\",\"scroll_wheel_to_zoom\":\"none\",\"double_click_to_zoom\":\"standard\",\"draggable\":\"standard\",\"parallax\":\"standard\"}'><\/div><div class=\"g1gmap-observer\"><\/div><\/div><div class=\"g1gmap-side\"><\/div><\/div>\n","protected":false},"excerpt":{"rendered":"<p>Astronom\u00eda en Sierra Sur de Ja\u00e9n La pr\u00e1ctica de la astronom\u00eda precisa de la existencia de un cielo limpio y oscuro desde el cual poder observar. Aunque parece una cosa f\u00e1cil y evidente, la realidad es que hoy d\u00eda encontrar un sitio as\u00ed supone todo un quebradero de cabeza para los astr\u00f3nomos aficionados y para [&hellip;]<\/p>\n","protected":false},"author":1,"featured_media":0,"parent":124,"menu_order":0,"comment_status":"closed","ping_status":"closed","template":"g1_template_page_full.php","meta":{"footnotes":""},"class_list":{"0":"post-208","1":"page","2":"type-page","3":"status-publish","5":"g1-brief"},"_links":{"self":[{"href":"https:\/\/www.comarcasierrasurdejaen.es\/astronomia\/wp-json\/wp\/v2\/pages\/208","targetHints":{"allow":["GET"]}}],"collection":[{"href":"https:\/\/www.comarcasierrasurdejaen.es\/astronomia\/wp-json\/wp\/v2\/pages"}],"about":[{"href":"https:\/\/www.comarcasierrasurdejaen.es\/astronomia\/wp-json\/wp\/v2\/types\/page"}],"author":[{"embeddable":true,"href":"https:\/\/www.comarcasierrasurdejaen.es\/astronomia\/wp-json\/wp\/v2\/users\/1"}],"replies":[{"embeddable":true,"href":"https:\/\/www.comarcasierrasurdejaen.es\/astronomia\/wp-json\/wp\/v2\/comments?post=208"}],"version-history":[{"count":41,"href":"https:\/\/www.comarcasierrasurdejaen.es\/astronomia\/wp-json\/wp\/v2\/pages\/208\/revisions"}],"predecessor-version":[{"id":2481,"href":"https:\/\/www.comarcasierrasurdejaen.es\/astronomia\/wp-json\/wp\/v2\/pages\/208\/revisions\/2481"}],"up":[{"embeddable":true,"href":"https:\/\/www.comarcasierrasurdejaen.es\/astronomia\/wp-json\/wp\/v2\/pages\/124"}],"wp:attachment":[{"href":"https:\/\/www.comarcasierrasurdejaen.es\/astronomia\/wp-json\/wp\/v2\/media?parent=208"}],"curies":[{"name":"wp","href":"https:\/\/api.w.org\/{rel}","templated":true}]}}