{"id":2253,"date":"2015-01-25T19:43:32","date_gmt":"2015-01-25T17:43:32","guid":{"rendered":"http:\/\/www.comarcasierrasurdejaen.es\/astronomia\/?page_id=2253"},"modified":"2022-02-24T11:56:23","modified_gmt":"2022-02-24T09:56:23","slug":"observatorios","status":"publish","type":"page","link":"https:\/\/www.comarcasierrasurdejaen.es\/astronomia\/observatorios\/","title":{"rendered":"Observatorios"},"content":{"rendered":"<h3 style=\"text-align: justify;\"><img loading=\"lazy\" decoding=\"async\" class=\"alignleft wp-image-2255 size-medium\" src=\"https:\/\/www.comarcasierrasurdejaen.es\/astronomia\/wp-content\/uploads\/2015\/01\/oaa_1024x632-300x185.jpg\" alt=\"oaa_1024x632\" width=\"300\" height=\"185\" srcset=\"https:\/\/www.comarcasierrasurdejaen.es\/astronomia\/wp-content\/uploads\/2015\/01\/oaa_1024x632-300x185.jpg 300w, https:\/\/www.comarcasierrasurdejaen.es\/astronomia\/wp-content\/uploads\/2015\/01\/oaa_1024x632-968x597.jpg 968w, https:\/\/www.comarcasierrasurdejaen.es\/astronomia\/wp-content\/uploads\/2015\/01\/oaa_1024x632-636x392.jpg 636w, https:\/\/www.comarcasierrasurdejaen.es\/astronomia\/wp-content\/uploads\/2015\/01\/oaa_1024x632-320x197.jpg 320w, https:\/\/www.comarcasierrasurdejaen.es\/astronomia\/wp-content\/uploads\/2015\/01\/oaa_1024x632-239x147.jpg 239w, https:\/\/www.comarcasierrasurdejaen.es\/astronomia\/wp-content\/uploads\/2015\/01\/oaa_1024x632.jpg 1024w\" sizes=\"auto, (max-width: 300px) 100vw, 300px\" \/><strong>OBSERVATORIO ANDALUZ DE ASTRONOM\u00cdA (OAA)<\/strong><\/h3>\n<p style=\"text-align: justify;\">En la aldea de La Pedriza (ver mapa), a 8 km de Alcal\u00e1 la Real con un cielo oscuro impresionante, la Sociedad Einstein de Astronom\u00eda, con la colaboraci\u00f3n del Excmo. Ayuntamiento de Alcal\u00e1 la Real, dispone de unas instalaciones de primer orden para la observaci\u00f3n y divulgaci\u00f3n astron\u00f3mica.<\/p>\n<p style=\"text-align: justify;\">El edificio principal, de unos 70 metros cuadrados, alberga la sala de usos m\u00faltiples y biblioteca, sala de control del observatorio, peque\u00f1a cocina, aseo y archivo.<\/p>\n<p style=\"text-align: justify;\">Al norte del edificio principal y totalmente independiente, se encuentra el observatorio propiamente dicho. La planta inferior sirve de sala de almacenaje para la diversa instrumentaci\u00f3n y accesorios de los telescopios y cuenta con un peque\u00f1o taller para las reparaciones.<br \/>\n<img loading=\"lazy\" decoding=\"async\" class=\"size-medium wp-image-2254 alignright\" src=\"https:\/\/www.comarcasierrasurdejaen.es\/astronomia\/wp-content\/uploads\/2015\/01\/la-pedriza-300x214.jpg\" alt=\"la pedriza\" width=\"300\" height=\"214\" srcset=\"https:\/\/www.comarcasierrasurdejaen.es\/astronomia\/wp-content\/uploads\/2015\/01\/la-pedriza-300x214.jpg 300w, https:\/\/www.comarcasierrasurdejaen.es\/astronomia\/wp-content\/uploads\/2015\/01\/la-pedriza-636x454.jpg 636w, https:\/\/www.comarcasierrasurdejaen.es\/astronomia\/wp-content\/uploads\/2015\/01\/la-pedriza-320x228.jpg 320w, https:\/\/www.comarcasierrasurdejaen.es\/astronomia\/wp-content\/uploads\/2015\/01\/la-pedriza-239x170.jpg 239w, https:\/\/www.comarcasierrasurdejaen.es\/astronomia\/wp-content\/uploads\/2015\/01\/la-pedriza.jpg 800w\" sizes=\"auto, (max-width: 300px) 100vw, 300px\" \/><\/p>\n<p style=\"text-align: justify;\">La c\u00fapula Scope Dome de 4 metros de di\u00e1metro instalada en la parte superior alberga un telescopio Meade S\/C LX200-ACF GPS de 0,30 metros de abertura a f\/10, en montura ecuatorial de horquilla, soportado por una columna r\u00edgida independiente.<br \/>\nPr\u00f3ximamente ser\u00e1 sustituido por otro telescopio newton de 0,60 metros. Todo el conjunto del observatorio: c\u00fapula, telescopio, as\u00ed como su bater\u00eda de accesorios e instrumentaci\u00f3n, puede ser operado remotamente desde cualquier sitio.<\/p>\n<p style=\"text-align: justify;\"><img loading=\"lazy\" decoding=\"async\" class=\"alignleft wp-image-2256 size-medium\" src=\"wp-content\/uploads\/2015\/01\/telescopio_meade-225x300.jpg\" alt=\"telescopio_meade\" width=\"225\" height=\"300\" srcset=\"https:\/\/www.comarcasierrasurdejaen.es\/astronomia\/wp-content\/uploads\/2015\/01\/telescopio_meade-225x300.jpg 225w, https:\/\/www.comarcasierrasurdejaen.es\/astronomia\/wp-content\/uploads\/2015\/01\/telescopio_meade-320x426.jpg 320w, https:\/\/www.comarcasierrasurdejaen.es\/astronomia\/wp-content\/uploads\/2015\/01\/telescopio_meade-239x318.jpg 239w, https:\/\/www.comarcasierrasurdejaen.es\/astronomia\/wp-content\/uploads\/2015\/01\/telescopio_meade.jpg 600w\" sizes=\"auto, (max-width: 225px) 100vw, 225px\" \/>En la terraza de la sala de control hay instalada una estaci\u00f3n meteorol\u00f3gica especialmente dise\u00f1ada para su uso en un observatorio astron\u00f3mico y una c\u00e1mara autom\u00e1tica AllSky para la detecci\u00f3n de meteoritos.<\/p>\n","protected":false},"excerpt":{"rendered":"<p>OBSERVATORIO ANDALUZ DE ASTRONOM\u00cdA (OAA) En la aldea de La Pedriza (ver mapa), a 8 km de Alcal\u00e1 la Real con un cielo oscuro impresionante, la Sociedad Einstein de Astronom\u00eda, con la colaboraci\u00f3n del Excmo. Ayuntamiento de Alcal\u00e1 la Real, dispone de unas instalaciones de primer orden para la observaci\u00f3n y divulgaci\u00f3n astron\u00f3mica. El edificio [&hellip;]<\/p>\n","protected":false},"author":1,"featured_media":0,"parent":0,"menu_order":0,"comment_status":"closed","ping_status":"closed","template":"","meta":{"footnotes":""},"class_list":["post-2253","page","type-page","status-publish"],"_links":{"self":[{"href":"https:\/\/www.comarcasierrasurdejaen.es\/astronomia\/wp-json\/wp\/v2\/pages\/2253","targetHints":{"allow":["GET"]}}],"collection":[{"href":"https:\/\/www.comarcasierrasurdejaen.es\/astronomia\/wp-json\/wp\/v2\/pages"}],"about":[{"href":"https:\/\/www.comarcasierrasurdejaen.es\/astronomia\/wp-json\/wp\/v2\/types\/page"}],"author":[{"embeddable":true,"href":"https:\/\/www.comarcasierrasurdejaen.es\/astronomia\/wp-json\/wp\/v2\/users\/1"}],"replies":[{"embeddable":true,"href":"https:\/\/www.comarcasierrasurdejaen.es\/astronomia\/wp-json\/wp\/v2\/comments?post=2253"}],"version-history":[{"count":6,"href":"https:\/\/www.comarcasierrasurdejaen.es\/astronomia\/wp-json\/wp\/v2\/pages\/2253\/revisions"}],"predecessor-version":[{"id":2436,"href":"https:\/\/www.comarcasierrasurdejaen.es\/astronomia\/wp-json\/wp\/v2\/pages\/2253\/revisions\/2436"}],"wp:attachment":[{"href":"https:\/\/www.comarcasierrasurdejaen.es\/astronomia\/wp-json\/wp\/v2\/media?parent=2253"}],"curies":[{"name":"wp","href":"https:\/\/api.w.org\/{rel}","templated":true}]}}