{"id":2261,"date":"2015-01-25T20:03:34","date_gmt":"2015-01-25T18:03:34","guid":{"rendered":"http:\/\/www.comarcasierrasurdejaen.es\/astronomia\/?page_id=2261"},"modified":"2021-04-16T10:46:11","modified_gmt":"2021-04-16T08:46:11","slug":"recursos-astronomicos","status":"publish","type":"page","link":"https:\/\/www.comarcasierrasurdejaen.es\/astronomia\/recursos-astronomicos\/","title":{"rendered":"Recursos Astron\u00f3micos"},"content":{"rendered":"<div id=\"g1-tabs-1\" class=\"g1-tabs g1-tabs--simple g1-type--click g1-tabs--horizontal g1-tabs--top g1-align-left \">\n<div id=\"tab-title-counter-1\" class=\"g1-tab-title \">\n<p>SOFTWARE<\/p>\n<\/div>\n<div id=\"tab-content-counter-1\" class=\"g1-tab-content \">\n<div class=\"c12 end \">\n<div class=\"c6\">\n<h2>Para Pc<\/h2>\n<h3>Simuladores del cielo<\/h3>\n<ul>\n<li>&nbsp;<a href=\"http:\/\/www.stellarium.org\/es\/\" target=\"_blank\" rel=\"noopener\">Stellarium<\/a> (es capaz de mostrar un cielo realista en 3D con binoculares o telescopio)<\/li>\n<li><a href=\"http:\/\/ap-i.net\/skychart\/es\/start\" target=\"_blank\" rel=\"noopener\">Cartes du Ciel<\/a> (permite generar cartas celestes, utilizando datos de numerosos cat\u00e1logos de estrellas y nebulosas)<\/li>\n<li><a href=\"http:\/\/www.shatters.net\/celestia\/\" target=\"_blank\" rel=\"noopener\">Celestia<\/a> (simulaci\u00f3n en 3D que permite explorar el universo en tres dimensiones)<\/li>\n<\/ul>\n<h3>Exploraci\u00f3n planetaria<\/h3>\n<ul>\n<li>&nbsp;<a href=\"http:\/\/ap-i.net\/avl\/en\/start\" target=\"_blank\" rel=\"noopener\">Moon Atlas<\/a> (proporciona im\u00e1genes con gran detalle de toda la superficie lunar)<\/li>\n<li><a href=\"http:\/\/indigo.ie\/%7Egnugent\/JupSat95\/\" target=\"_blank\" rel=\"noopener\">JupSat 95<\/a> (calcula y muestra la posici\u00f3n de las lunas de J\u00fapiter)<\/li>\n<\/ul>\n<h3>Procesador de im\u00e1genes<\/h3>\n<ul>\n<li>&nbsp;<a href=\"http:\/\/www.astronomie.be\/registax\/\" target=\"_blank\" rel=\"noopener\">Registax<\/a> (programa gratuito de tratamiento de im\u00e1genes)<\/li>\n<li><a href=\"http:\/\/www.covingtoninnovations.com\/astro\/astrosoft.html\" target=\"_blank\" rel=\"noopener\">C\u00e1lculos para fotografia nocturna<\/a><\/li>\n<\/ul>\n<\/div>\n<div class=\"c6 end\">\n<h2>Para Android<\/h2>\n<h3>Planisferios<\/h3>\n<ul>\n<li>&nbsp;<a href=\"https:\/\/play.google.com\/store\/apps\/details?id=com.lavadip.skeye\" target=\"_blank\" rel=\"noopener\">SKEye<\/a> (planetario)<\/li>\n<li><a href=\"https:\/\/play.google.com\/store\/apps\/details?id=com.isitbroken.android.stardroid\" target=\"_blank\" rel=\"noopener\">Google Sky Map<\/a> (planetario)<\/li>\n<li><a href=\"https:\/\/play.google.com\/store\/apps\/details?id=com.escapistgames.starchart\" target=\"_blank\" rel=\"noopener\">Mapa estelar<\/a><\/li>\n<\/ul>\n<h3>Herramientas y otros<\/h3>\n<ul>\n<li>&nbsp;<a href=\"https:\/\/play.google.com\/store\/apps\/details?id=com.smeunier.nightskytools\" target=\"_blank\" rel=\"noopener\">Night Sky Tools <\/a>(herramientas puesta en estaci\u00f3n instrumentos)<\/li>\n<li>\n<div><a href=\"https:\/\/play.google.com\/store\/apps\/details?id=Lewis.sevenTimer2\" target=\"_blank\" rel=\"noopener\">Astro Panel<\/a> (predicci\u00f3n condiciones atmosf\u00e9ricas)<\/div>\n<\/li>\n<li>\n<div>&nbsp;<a href=\"https:\/\/play.google.com\/store\/apps\/details?id=com.digipom.nightfilter\" target=\"_blank\" rel=\"noopener\">Night Filter<\/a> (luz roja)<\/div>\n<div><\/div>\n<\/li>\n<\/ul>\n<h3>Observaci\u00f3n sat\u00e9lites<\/h3>\n<ul>\n<li>\n<div><a href=\"https:\/\/play.google.com\/store\/apps\/details?id=com.runar.issdetector\" target=\"_blank\" rel=\"noopener\">Localizador Estaci\u00f3n Espacial<\/a><\/div>\n<\/li>\n<li>\n<div><a href=\"https:\/\/play.google.com\/store\/apps\/details?id=com.heavensabove\" target=\"_blank\" rel=\"noopener\">Sat Track&nbsp;<\/a> (muestra los sat\u00e9lites artificiales que pasan por su posici\u00f3n)<\/div>\n<\/li>\n<\/ul>\n<\/div>\n<\/div>\n<\/div>\n<div id=\"tab-title-counter-2\" class=\"g1-tab-title \">\n<p>ENLACES<\/p>\n<\/div>\n<div id=\"tab-content-counter-2\" class=\"g1-tab-content \">\n<div class=\"c12 end \">\n<ul>\n<li>Asociaci\u00f3n Astron\u00f3mica Hubble (foros m\u00e1s visitados en la Pen\u00ednsula Ib\u00e9rica):&nbsp;<a href=\"http:\/\/www.asociacionhubble.org\/\" target=\"_blank\" rel=\"noopener\">www.asociacionhubble.org<\/a><\/li>\n<li>Dark Sky Advisors (Consultora encargada de los trabajos de certificaci\u00f3n Starlight en S. Morena):&nbsp;<a href=\"http:\/\/www.darkskyadvisors.com\/\" target=\"_blank\" rel=\"noopener\">www.darkskyadvisors.com<\/a><\/li>\n<li>Turismo Astron\u00f3mico \u2013 Turismo Andaluz:&nbsp;<a href=\"http:\/\/www.andalucia.org\/es\/astroturismo-turismo-de-estrellas\/\" target=\"_blank\" rel=\"noopener\">http:\/\/www.andalucia.org\/es\/astroturismo-turismo-de-estrellas\/<\/a><\/li>\n<li>Iniciativa Starlight:&nbsp;<a href=\"http:\/\/fundacionstarlight.org\/\" target=\"_blank\" rel=\"noopener\">http:\/\/fundacionstarlight.org\/<\/a><\/li>\n<li>Observaci\u00f3n de sat\u00e9lites y la Estaci\u00f3n Espacial Internacional:&nbsp;<a href=\"http:\/\/www.heavens-above.com\/\" target=\"_blank\" rel=\"noopener\">http:\/\/www.heavens-above.com\/<\/a><\/li>\n<li>Astronomy Picture of the Day (una imagen astron\u00f3mica nueva cada d\u00eda):&nbsp;<a href=\"http:\/\/apod.nasa.gov\/\" target=\"_blank\" rel=\"noopener\">http:\/\/apod.nasa.gov<\/a><\/li>\n<li>Space Weather (El tiempo espacial en directo):&nbsp;<a href=\"http:\/\/spaceweather.com\/\" target=\"_blank\" rel=\"noopener\">http:\/\/spaceweather.com\/<\/a><\/li>\n<li>Simulador Contaminaci\u00f3n Lum\u00ednica:&nbsp;<a href=\"http:\/\/www.need-less.org.uk\/images\/need-less-LPsim.swf\" target=\"_blank\" rel=\"noopener\">http:\/\/www.need-less.org.uk\/images\/need-less-LPsim.swf<\/a><\/li>\n<\/ul>\n<\/div>\n<\/div>\n<div id=\"tab-title-counter-3\" class=\"g1-tab-title \">\n<p>METEOROLOG\u00cdA<\/p>\n<\/div>\n<div id=\"tab-content-counter-3\" class=\"g1-tab-content \">\n<p>Conocer el estado del tiempo es fundamental para practicar Astronom\u00eda, ya que para disfrutar del firmamento nocturno en todo su esplendor es necesario contar con un cielo limpio y despejado, tambi\u00e9n un d\u00eda sin mucho viento si lo que quieres es instalar tu telescopio y adentrarte en las profundidades del cosmos.<\/p>\n<p>La mayor\u00eda de servicios meteorol\u00f3gicos no se centran en las condiciones espec\u00edficas que un astr\u00f3nom@ desea conocer para saber si esa noche es la adecuada para observar el cielo. Las personas aficionadas a la astronom\u00eda tienen en consideraci\u00f3n no solo la cobertura de nubes bajas sino tambi\u00e9n la presencia de nubes altas o cirros, que en la mayor\u00eda de servicios meteorol\u00f3gicos no se especifican. Tambi\u00e9n nos interesa conocer la transparencia del cielo o seeing como se denomina en su t\u00e9rmino ingl\u00e9s.<\/p>\n<p>En este apartado ponemos a tu disposici\u00f3n unos servicios b\u00e1sicos que te permitir\u00e1n conocer las condiciones meteorol\u00f3gicas concretas para astronom\u00eda para que puedas planificar tu observaci\u00f3n.<\/p>\n<h3>PREDICCION de 24h DE TURBULENCIA (SEING) en los alrededores de Valdepe\u00f1as de Ja\u00e9n:<\/h3>\n<h3>(Puede seleccionar su punto de observaci\u00f3n en \u00abSELECCI\u00d3N DE LUGAR\u00bb)<\/h3>\n<p><iframe loading=\"lazy\" src=\"https:\/\/www.meteoblue.com\/es\/espa%C3%B1a\/tiempo-valdepe%C3%B1as-de-ja%C3%A9n\/seeing\" name=\"iframe\" width=\"1100\" height=\"700\" scrolling=\"auto\" align=\"middle\"><\/iframe><\/p>\n<\/div>\n<\/div>\n","protected":false},"excerpt":{"rendered":"","protected":false},"author":1,"featured_media":0,"parent":0,"menu_order":0,"comment_status":"closed","ping_status":"closed","template":"","meta":{"footnotes":""},"class_list":["post-2261","page","type-page","status-publish"],"_links":{"self":[{"href":"https:\/\/www.comarcasierrasurdejaen.es\/astronomia\/wp-json\/wp\/v2\/pages\/2261","targetHints":{"allow":["GET"]}}],"collection":[{"href":"https:\/\/www.comarcasierrasurdejaen.es\/astronomia\/wp-json\/wp\/v2\/pages"}],"about":[{"href":"https:\/\/www.comarcasierrasurdejaen.es\/astronomia\/wp-json\/wp\/v2\/types\/page"}],"author":[{"embeddable":true,"href":"https:\/\/www.comarcasierrasurdejaen.es\/astronomia\/wp-json\/wp\/v2\/users\/1"}],"replies":[{"embeddable":true,"href":"https:\/\/www.comarcasierrasurdejaen.es\/astronomia\/wp-json\/wp\/v2\/comments?post=2261"}],"version-history":[{"count":4,"href":"https:\/\/www.comarcasierrasurdejaen.es\/astronomia\/wp-json\/wp\/v2\/pages\/2261\/revisions"}],"predecessor-version":[{"id":2403,"href":"https:\/\/www.comarcasierrasurdejaen.es\/astronomia\/wp-json\/wp\/v2\/pages\/2261\/revisions\/2403"}],"wp:attachment":[{"href":"https:\/\/www.comarcasierrasurdejaen.es\/astronomia\/wp-json\/wp\/v2\/media?parent=2261"}],"curies":[{"name":"wp","href":"https:\/\/api.w.org\/{rel}","templated":true}]}}