{"id":2267,"date":"2015-01-25T20:24:51","date_gmt":"2015-01-25T18:24:51","guid":{"rendered":"http:\/\/www.comarcasierrasurdejaen.es\/astronomia\/?page_id=2267"},"modified":"2022-02-24T11:52:22","modified_gmt":"2022-02-24T09:52:22","slug":"iniciativa-starlight","status":"publish","type":"page","link":"https:\/\/www.comarcasierrasurdejaen.es\/astronomia\/iniciativa-starlight\/","title":{"rendered":"Iniciativa Starlight"},"content":{"rendered":"<p style=\"text-align: justify;\"><img loading=\"lazy\" decoding=\"async\" class=\"alignleft wp-image-2270 \" src=\"https:\/\/www.comarcasierrasurdejaen.es\/astronomia\/wp-content\/uploads\/2015\/01\/fullstarlight-211x300.jpg\" alt=\"fullstarlight\" width=\"230\" height=\"327\" srcset=\"https:\/\/www.comarcasierrasurdejaen.es\/astronomia\/wp-content\/uploads\/2015\/01\/fullstarlight-211x300.jpg 211w, https:\/\/www.comarcasierrasurdejaen.es\/astronomia\/wp-content\/uploads\/2015\/01\/fullstarlight-320x453.jpg 320w, https:\/\/www.comarcasierrasurdejaen.es\/astronomia\/wp-content\/uploads\/2015\/01\/fullstarlight.jpg 565w\" sizes=\"auto, (max-width: 230px) 100vw, 230px\" \/>La Iniciativa Starlight busca la puesta en valor y reconocimiento de aquellos lugares cuyo cielo nocturno aun preserve unos valores de oscuridad natural excepcionales, donde la observaci\u00f3n de firmamento pueda realizarse sin la molestia que supone el exceso de luz fruto de la contaminaci\u00f3n lum\u00ednica.<\/p>\n<p style=\"text-align: justify;\">Para ello, el Instituto de Astrof\u00edsica de Canarias cre\u00f3 en el a\u00f1o 2007 la Fundaci\u00f3n Starlight encargada de otorgar las certificaciones de Reserva y\/o Destino Tur\u00edstico Starlight a aquellas regiones del mundo interesadas en hacer un uso responsable y sostenible del recurso que supone el cielo nocturno, bien a trav\u00e9s de pol\u00edticas de conservaci\u00f3n del mismo y ahorro energ\u00e9tico, o bien mediante la puesta en marcha de estrategias para fomentar el astroturismo.<\/p>\n<p style=\"text-align: justify;\">Desde el a\u00f1o 2013, ADSUR, la Asociaci\u00f3n para el Desarrollo de la Sierra Sur de Ja\u00e9n a trav\u00e9s de la consultora Dark Sky Advisors, inici\u00f3 los trabajos para que Sierra Sur de Ja\u00e9n optase a convertirse en uno m\u00e1s de ese exclusivo grupo de regiones del mundo que lograron certificar su territorio dentro de la Iniciativa Starlight. Finalmente, en el a\u00f1o 2014, esta comarca logr\u00f3 el reconocimiento como Reserva y Destino Tur\u00edstico Starlight, inici\u00e1ndose as\u00ed una nueva etapa para esta comarca en la que la astronom\u00eda aspira a convertirse en uno de los ejes fundamentales para articular el turismo.<\/p>\n","protected":false},"excerpt":{"rendered":"<p>La Iniciativa Starlight busca la puesta en valor y reconocimiento de aquellos lugares cuyo cielo nocturno aun preserve unos valores de oscuridad natural excepcionales, donde la observaci\u00f3n de firmamento pueda realizarse sin la molestia que supone el exceso de luz fruto de la contaminaci\u00f3n lum\u00ednica. Para ello, el Instituto de Astrof\u00edsica de Canarias cre\u00f3 en [&hellip;]<\/p>\n","protected":false},"author":1,"featured_media":0,"parent":0,"menu_order":0,"comment_status":"closed","ping_status":"closed","template":"","meta":{"footnotes":""},"class_list":["post-2267","page","type-page","status-publish"],"_links":{"self":[{"href":"https:\/\/www.comarcasierrasurdejaen.es\/astronomia\/wp-json\/wp\/v2\/pages\/2267","targetHints":{"allow":["GET"]}}],"collection":[{"href":"https:\/\/www.comarcasierrasurdejaen.es\/astronomia\/wp-json\/wp\/v2\/pages"}],"about":[{"href":"https:\/\/www.comarcasierrasurdejaen.es\/astronomia\/wp-json\/wp\/v2\/types\/page"}],"author":[{"embeddable":true,"href":"https:\/\/www.comarcasierrasurdejaen.es\/astronomia\/wp-json\/wp\/v2\/users\/1"}],"replies":[{"embeddable":true,"href":"https:\/\/www.comarcasierrasurdejaen.es\/astronomia\/wp-json\/wp\/v2\/comments?post=2267"}],"version-history":[{"count":8,"href":"https:\/\/www.comarcasierrasurdejaen.es\/astronomia\/wp-json\/wp\/v2\/pages\/2267\/revisions"}],"predecessor-version":[{"id":2429,"href":"https:\/\/www.comarcasierrasurdejaen.es\/astronomia\/wp-json\/wp\/v2\/pages\/2267\/revisions\/2429"}],"wp:attachment":[{"href":"https:\/\/www.comarcasierrasurdejaen.es\/astronomia\/wp-json\/wp\/v2\/media?parent=2267"}],"curies":[{"name":"wp","href":"https:\/\/api.w.org\/{rel}","templated":true}]}}