{"id":2274,"date":"2015-01-25T20:42:16","date_gmt":"2015-01-25T18:42:16","guid":{"rendered":"http:\/\/www.comarcasierrasurdejaen.es\/astronomia\/?page_id=2274"},"modified":"2022-02-24T11:54:14","modified_gmt":"2022-02-24T09:54:14","slug":"certificaciones-starlight-sierra-sur-de-jaen","status":"publish","type":"page","link":"https:\/\/www.comarcasierrasurdejaen.es\/astronomia\/certificaciones-starlight-sierra-sur-de-jaen\/","title":{"rendered":"Certificaciones Starlight Sierra Sur de Ja\u00e9n"},"content":{"rendered":"<h3 style=\"text-align: justify;\"><strong>Reserva y Destino Tur\u00edstico\u00a0 Starlight de la Sierra Sur de Ja\u00e9n<\/strong><\/h3>\n<p style=\"text-align: justify;\">Tras m\u00e1s de 12 meses de trabajos continuados la Sierra Sur de Ja\u00e9n obtuvo la certificaci\u00f3n de Reserva Starlight. Para ello fue preciso un laborioso esfuerzo de toma de medidas que permiti\u00f3 crear el mapa de contaminaci\u00f3n lum\u00ednica de la comarca y la consiguiente zonificaci\u00f3n.<\/p>\n<p style=\"text-align: justify;\">A continuaci\u00f3n se muestra el mapa lum\u00ednico de la Reserva Starlight de la Sierra Sur de Ja\u00e9n:<\/p>\n<h3 style=\"text-align: justify;\"><strong><img loading=\"lazy\" decoding=\"async\" class=\"aligncenter wp-image-2275 size-large\" src=\"https:\/\/www.comarcasierrasurdejaen.es\/astronomia\/wp-content\/uploads\/2015\/01\/original-e1422211255745-871x1024.jpg\" alt=\"original\" width=\"686\" height=\"806\" srcset=\"https:\/\/www.comarcasierrasurdejaen.es\/astronomia\/wp-content\/uploads\/2015\/01\/original-e1422211255745-871x1024.jpg 871w, https:\/\/www.comarcasierrasurdejaen.es\/astronomia\/wp-content\/uploads\/2015\/01\/original-e1422211255745-255x300.jpg 255w, https:\/\/www.comarcasierrasurdejaen.es\/astronomia\/wp-content\/uploads\/2015\/01\/original-e1422211255745-968x1137.jpg 968w, https:\/\/www.comarcasierrasurdejaen.es\/astronomia\/wp-content\/uploads\/2015\/01\/original-e1422211255745-636x747.jpg 636w, https:\/\/www.comarcasierrasurdejaen.es\/astronomia\/wp-content\/uploads\/2015\/01\/original-e1422211255745-320x376.jpg 320w, https:\/\/www.comarcasierrasurdejaen.es\/astronomia\/wp-content\/uploads\/2015\/01\/original-e1422211255745-239x280.jpg 239w, https:\/\/www.comarcasierrasurdejaen.es\/astronomia\/wp-content\/uploads\/2015\/01\/original-e1422211255745.jpg 1907w\" sizes=\"auto, (max-width: 686px) 100vw, 686px\" \/><\/strong><\/h3>\n<p style=\"text-align: justify;\">Nota: las zonas azules oscuras son las de menor contaminaci\u00f3n lum\u00ednica mientras que las zonas verdes, amarillas y rosas reprensentan las zonas con mayor cantidad de luz artificial en el firmamento y por tanto peores para la observaci\u00f3n astron\u00f3mica.<\/p>\n<p style=\"text-align: justify;\">Con este mapa se pudo hacer una propuesta de zonificaci\u00f3n en base a los valores que el mismo representa. La zona delimietada con la l\u00ednea roja es la declarada como \u201cN\u00facleo\u201d es aquella cuyos valores superaron los 21\u20194 mag\/s arc\u00b2, mientras que el resto de la comarca se declaro como \u201cZona de Amortiguaci\u00f3n\u201d (delimitada con la l\u00ednea verde).<\/p>\n<p style=\"text-align: justify;\"><img loading=\"lazy\" decoding=\"async\" class=\"aligncenter size-large wp-image-2277\" src=\"https:\/\/www.comarcasierrasurdejaen.es\/astronomia\/wp-content\/uploads\/2015\/01\/zonificacion1-929x1024.jpg\" alt=\"zonificacion\" width=\"686\" height=\"756\" srcset=\"https:\/\/www.comarcasierrasurdejaen.es\/astronomia\/wp-content\/uploads\/2015\/01\/zonificacion1-929x1024.jpg 929w, https:\/\/www.comarcasierrasurdejaen.es\/astronomia\/wp-content\/uploads\/2015\/01\/zonificacion1-272x300.jpg 272w, https:\/\/www.comarcasierrasurdejaen.es\/astronomia\/wp-content\/uploads\/2015\/01\/zonificacion1-968x1066.jpg 968w, https:\/\/www.comarcasierrasurdejaen.es\/astronomia\/wp-content\/uploads\/2015\/01\/zonificacion1-636x700.jpg 636w, https:\/\/www.comarcasierrasurdejaen.es\/astronomia\/wp-content\/uploads\/2015\/01\/zonificacion1-320x352.jpg 320w, https:\/\/www.comarcasierrasurdejaen.es\/astronomia\/wp-content\/uploads\/2015\/01\/zonificacion1-239x263.jpg 239w, https:\/\/www.comarcasierrasurdejaen.es\/astronomia\/wp-content\/uploads\/2015\/01\/zonificacion1.jpg 2037w\" sizes=\"auto, (max-width: 686px) 100vw, 686px\" \/><\/p>\n","protected":false},"excerpt":{"rendered":"<p>Reserva y Destino Tur\u00edstico\u00a0 Starlight de la Sierra Sur de Ja\u00e9n Tras m\u00e1s de 12 meses de trabajos continuados la Sierra Sur de Ja\u00e9n obtuvo la certificaci\u00f3n de Reserva Starlight. Para ello fue preciso un laborioso esfuerzo de toma de medidas que permiti\u00f3 crear el mapa de contaminaci\u00f3n lum\u00ednica de la comarca y la consiguiente [&hellip;]<\/p>\n","protected":false},"author":1,"featured_media":0,"parent":0,"menu_order":0,"comment_status":"closed","ping_status":"closed","template":"","meta":{"footnotes":""},"class_list":["post-2274","page","type-page","status-publish"],"_links":{"self":[{"href":"https:\/\/www.comarcasierrasurdejaen.es\/astronomia\/wp-json\/wp\/v2\/pages\/2274","targetHints":{"allow":["GET"]}}],"collection":[{"href":"https:\/\/www.comarcasierrasurdejaen.es\/astronomia\/wp-json\/wp\/v2\/pages"}],"about":[{"href":"https:\/\/www.comarcasierrasurdejaen.es\/astronomia\/wp-json\/wp\/v2\/types\/page"}],"author":[{"embeddable":true,"href":"https:\/\/www.comarcasierrasurdejaen.es\/astronomia\/wp-json\/wp\/v2\/users\/1"}],"replies":[{"embeddable":true,"href":"https:\/\/www.comarcasierrasurdejaen.es\/astronomia\/wp-json\/wp\/v2\/comments?post=2274"}],"version-history":[{"count":4,"href":"https:\/\/www.comarcasierrasurdejaen.es\/astronomia\/wp-json\/wp\/v2\/pages\/2274\/revisions"}],"predecessor-version":[{"id":2432,"href":"https:\/\/www.comarcasierrasurdejaen.es\/astronomia\/wp-json\/wp\/v2\/pages\/2274\/revisions\/2432"}],"wp:attachment":[{"href":"https:\/\/www.comarcasierrasurdejaen.es\/astronomia\/wp-json\/wp\/v2\/media?parent=2274"}],"curies":[{"name":"wp","href":"https:\/\/api.w.org\/{rel}","templated":true}]}}