{"id":614,"date":"2013-04-18T15:15:42","date_gmt":"2013-04-18T15:15:42","guid":{"rendered":"http:\/\/3clicks.bringthepixel.com\/?page_id=614"},"modified":"2021-04-16T10:47:28","modified_gmt":"2021-04-16T08:47:28","slug":"contactar","status":"publish","type":"page","link":"https:\/\/www.comarcasierrasurdejaen.es\/astronomia\/contactar\/","title":{"rendered":"Contacte con ADSUR"},"content":{"rendered":"<div class=\"g1-gmap-wrapper\">\n<div id=\"g1-gmap-counter-1\" class=\"g1-gmap\" data-g1-gmap-config=\"{ map_type: 'medium',invert_lightness: '0',latitude: '37.58907',longitude: '-3.818467',zoom: '16',marker: 'standard',marker_icon: '',type: 'rich' }\" style=\"width: 100%; height: 500px;\">\n<div class=\"g1-gmap-content\" style=\"display: none;\">\n<p><b>ADSUR<\/b><br \/>\nc\/ Egido, s\/n<br \/>\n23150 VALDEPE\u00d1AS DE JA\u00c9N (Ja\u00e9n)<\/p>\n<p>Tel\u00e9fono: 953 310216<br \/>\nFax: 953 311451<br \/>\nwww.adsur.es<\/p>\n<\/div><\/div><\/div>\n\n<form action=\"https:\/\/www.comarcasierrasurdejaen.es\/astronomia\/contactar\/#2\" method=\"post\" id=\"2\" class=\"contact-form 2\"><div class=\"form-row\"><label for=\"contact_form_name_1\">Name <em class=\"meta\">(required)<\/em><\/label><input type=\"text\" id=\"contact_form_name_1\" name=\"contact_form_name_1\" value=\"\" \/><\/div><div class=\"form-row\"><label for=\"contact_form_email_1\">Email  <em class=\"meta\">(required)<\/em><\/label><input type=\"text\" id=\"contact_form_email_1\" name=\"contact_form_email_1\" value=\"\" \/><\/div><div class=\"form-row\"><label for=\"contact_form_message_1\">Message <em class=\"meta\">(required)<\/em><\/label><textarea id=\"contact_form_message_1\" name=\"contact_form_message_1\" rows=\"5\" cols=\"5\"><\/textarea><\/div><div class=\"form-row\"><label for=\"contact_form_captcha_1\">12 + 9 ?  <em class=\"meta\">(Are you human?)<\/em><\/label><input type=\"text\" class=\"u-2\" id=\"contact_form_captcha_1\" name=\"contact_form_captcha_1\" value=\"\" \/><\/div><fieldset><input type=\"hidden\" id=\"contact_form_captcha_hash_1\" name=\"contact_form_captcha_hash_1\" value=\"5d6646aad9bcc0be55b2c82f69750387\" \/><\/fieldset><fieldset><input type=\"hidden\" id=\"contact_form_data\" name=\"contact_form_data\" value=\"YTo4OntzOjI6ImlkIjtzOjE6IjIiO3M6NToiY2xhc3MiO3M6MToiMiI7czo0OiJuYW1lIjtzOjEyOiJjb250YWN0X2Zvcm0iO3M6NToiZW1haWwiO3M6NToiRW1haWwiO3M6Nzoic3ViamVjdCI7czo2OiJBc3VudG8iO3M6Nzoic3VjY2VzcyI7czo2MjoiR3JhY2lhcyEsIG5vcyBwb25kcmVtb3MgZW4gY29udGFjdG8gY29uIHVzdGVkIGxvIGFudGVzIHBvc2libGUiO3M6NzoiZmFpbHVyZSI7czo1MDoiRVJST1IgZW4gZWwgZW52w61vLCBwb3IgZmF2b3IgaW50w6ludGVsbyBkZSBudWV2by4iO3M6NzoiY291bnRlciI7aToxO30=\" \/><\/fieldset><div class=\"form-row\"><input type=\"submit\" name=\"contact_form_submit_1\" id=\"contact_form_submit_1\" value=\"Submit\" \/><\/div><\/form>\n","protected":false},"excerpt":{"rendered":"","protected":false},"author":1,"featured_media":0,"parent":0,"menu_order":0,"comment_status":"closed","ping_status":"closed","template":"g1_template_page_full.php","meta":{"footnotes":""},"class_list":{"0":"post-614","1":"page","2":"type-page","3":"status-publish","5":"g1_relation_tag-r-pages-shortcodes-2"},"_links":{"self":[{"href":"https:\/\/www.comarcasierrasurdejaen.es\/astronomia\/wp-json\/wp\/v2\/pages\/614","targetHints":{"allow":["GET"]}}],"collection":[{"href":"https:\/\/www.comarcasierrasurdejaen.es\/astronomia\/wp-json\/wp\/v2\/pages"}],"about":[{"href":"https:\/\/www.comarcasierrasurdejaen.es\/astronomia\/wp-json\/wp\/v2\/types\/page"}],"author":[{"embeddable":true,"href":"https:\/\/www.comarcasierrasurdejaen.es\/astronomia\/wp-json\/wp\/v2\/users\/1"}],"replies":[{"embeddable":true,"href":"https:\/\/www.comarcasierrasurdejaen.es\/astronomia\/wp-json\/wp\/v2\/comments?post=614"}],"version-history":[{"count":7,"href":"https:\/\/www.comarcasierrasurdejaen.es\/astronomia\/wp-json\/wp\/v2\/pages\/614\/revisions"}],"predecessor-version":[{"id":2219,"href":"https:\/\/www.comarcasierrasurdejaen.es\/astronomia\/wp-json\/wp\/v2\/pages\/614\/revisions\/2219"}],"wp:attachment":[{"href":"https:\/\/www.comarcasierrasurdejaen.es\/astronomia\/wp-json\/wp\/v2\/media?parent=614"}],"curies":[{"name":"wp","href":"https:\/\/api.w.org\/{rel}","templated":true}]}}